{"id":1492,"date":"2022-03-04T03:44:30","date_gmt":"2022-03-04T03:44:30","guid":{"rendered":"https:\/\/dydweb.online\/?page_id=1492"},"modified":"2023-12-12T04:46:40","modified_gmt":"2023-12-12T04:46:40","slug":"services","status":"publish","type":"page","link":"https:\/\/dydweb.online\/?page_id=1492","title":{"rendered":"Servicios"},"content":{"rendered":"\n<div class=\"wp-block-uagb-container uagb-block-a8606d6e alignfull uagb-is-root-container\"><div class=\"uagb-container-inner-blocks-wrap\">\n<div class=\"wp-block-uagb-info-box uagb-block-614c16d2 uagb-infobox__content-wrap  uagb-infobox-icon-above-title uagb-infobox-image-valign-top\"><div class=\"uagb-ifb-content\"><div class=\"uagb-ifb-title-wrap\"><span class=\"uagb-ifb-title-prefix\">Productos y Servicios<\/span><h4 class=\"uagb-ifb-title\">Proporcionamos un amplio rango de Productos y Servicios<\/h4><\/div><p class=\"uagb-ifb-desc\">Explora nuestra gama completa de productos y servicios de desarrollo web. <br>Desde dise\u00f1os personalizados hasta estrategias digitales, ofrecemos soluciones integrales para llevar tu presencia en l\u00ednea al m\u00e1ximo potencial.<\/p><\/div><\/div>\n<\/div><\/div>\n\n\n\n<div class=\"wp-block-uagb-container uagb-block-ebeffa70 alignfull uagb-is-root-container\"><div class=\"uagb-container-inner-blocks-wrap\">\n<div class=\"wp-block-uagb-advanced-heading uagb-block-351c22b1\"><h2 class=\"uagb-heading-text\">Como podemos Ayudarte?\u200b<\/h2><p class=\"uagb-desc-text\">\u00bfTienes una visi\u00f3n \u00fanica? Estamos aqu\u00ed para convertirla en una realidad digital impresionante. A continuaci\u00f3n una lista de nuestros Productos y Servicios <\/p><\/div>\n\n\n\n<div class=\"wp-block-uagb-container uagb-block-a85bf556\">\n<div data-aos= \"zoom-out\" data-aos-duration=\"400\" data-aos-delay=\"0\" data-aos-easing=\"ease\" data-aos-once=\"true\" class=\"wp-block-uagb-container uagb-block-0751e713\"><div class=\"uagb-container__shape uagb-container__shape-top\"><svg xmlns=\"https:\/\/www.w3.org\/2000\/svg\" viewBox=\"0 0 1000 100\" preserveAspectRatio=\"none\"><path class=\"uagb-container__shape-fill\" d=\"M0,6V0h1000v100L0,6z\"><\/path><\/svg><\/div>\n<h2 class=\"wp-block-heading has-text-align-center has-medium-font-size\">Pagina Web B\u00e1sica o <\/h2>\n\n\n\n<p class=\"has-text-align-center has-luminous-vivid-amber-to-luminous-vivid-orange-gradient-background has-background has-medium-font-size\"><strong>Desde US $100<\/strong><\/p>\n\n\n\n<ul class=\"wp-block-list\">\n<li>Hosting por un a\u00f1o<\/li>\n\n\n\n<li>Dominio por un a\u00f1o<\/li>\n\n\n\n<li>Correo<\/li>\n\n\n\n<li>Autoadministrable<\/li>\n\n\n\n<li>Enlace a redes sociales<\/li>\n\n\n\n<li>Bot\u00f3n de Whatsapp<\/li>\n\n\n\n<li>Secci\u00f3n de Inicio<\/li>\n\n\n\n<li>Secci\u00f3n de Servicios<\/li>\n\n\n\n<li>Secci\u00f3n de Contacto<\/li>\n\n\n\n<li><\/li>\n<\/ul>\n<\/div>\n\n\n\n<div data-aos= \"zoom-out\" data-aos-duration=\"400\" data-aos-delay=\"0\" data-aos-easing=\"ease\" data-aos-once=\"true\" class=\"wp-block-uagb-container uagb-block-6f991611\"><div class=\"uagb-container__shape uagb-container__shape-top\"><svg xmlns=\"https:\/\/www.w3.org\/2000\/svg\" viewBox=\"0 0 1000 100\" preserveAspectRatio=\"none\"><path class=\"uagb-container__shape-fill\" d=\"M0,6V0h1000v100L0,6z\"><\/path><\/svg><\/div>\n<h2 class=\"wp-block-heading has-text-align-center has-medium-font-size\">Sitio Web<\/h2>\n\n\n\n<p class=\"has-text-align-center has-luminous-vivid-amber-to-luminous-vivid-orange-gradient-background has-background has-medium-font-size\"><strong>Desde US $ 250<\/strong><\/p>\n\n\n\n<ul class=\"wp-block-list\">\n<li>Hosting por un a\u00f1o<\/li>\n\n\n\n<li>Dominio por un a\u00f1o<\/li>\n\n\n\n<li>Correo<\/li>\n\n\n\n<li>Autoadministrable<\/li>\n\n\n\n<li>Enlace a redes sociales<\/li>\n\n\n\n<li>Bot\u00f3n de Whatsapp<\/li>\n\n\n\n<li>P\u00e1gina de Inicio<\/li>\n\n\n\n<li>P\u00e1gina de Servicios<\/li>\n\n\n\n<li>Pagina de Nosotros<\/li>\n\n\n\n<li>Pagina de Contacto<\/li>\n<\/ul>\n<\/div>\n<\/div>\n\n\n\n<div class=\"wp-block-uagb-container uagb-block-88ebde81\">\n<div data-aos= \"zoom-out\" data-aos-duration=\"400\" data-aos-delay=\"0\" data-aos-easing=\"ease\" data-aos-once=\"true\" class=\"wp-block-uagb-container uagb-block-8171bdf0\"><div class=\"uagb-container__shape uagb-container__shape-top\"><svg xmlns=\"https:\/\/www.w3.org\/2000\/svg\" viewBox=\"0 0 1000 100\" preserveAspectRatio=\"none\"><path class=\"uagb-container__shape-fill\" d=\"M0,6V0h1000v100L0,6z\"><\/path><\/svg><\/div>\n<h2 class=\"wp-block-heading has-text-align-center has-medium-font-size\">Catalogo de Productos<\/h2>\n\n\n\n<p class=\"has-text-align-center has-luminous-vivid-amber-to-luminous-vivid-orange-gradient-background has-background has-medium-font-size\"><strong>Desde US $ 350<\/strong><\/p>\n\n\n\n<ul class=\"wp-block-list\">\n<li>Hosting por un a\u00f1o<\/li>\n\n\n\n<li>Dominio por un a\u00f1o<\/li>\n\n\n\n<li>Correo<\/li>\n\n\n\n<li>Autoadministrable<\/li>\n\n\n\n<li>Enlace a redes sociales<\/li>\n\n\n\n<li>Bot\u00f3n de Whatsapp<\/li>\n\n\n\n<li>P\u00e1gina de Inicio<\/li>\n\n\n\n<li>P\u00e1gina de Cat\u00e1logo<\/li>\n\n\n\n<li>Pagina de Nosotros<\/li>\n\n\n\n<li>Pagina de Contacto<\/li>\n\n\n\n<li><\/li>\n<\/ul>\n<\/div>\n\n\n\n<div data-aos= \"zoom-out\" data-aos-duration=\"400\" data-aos-delay=\"0\" data-aos-easing=\"ease\" data-aos-once=\"true\" class=\"wp-block-uagb-container uagb-block-ae8cc024\"><div class=\"uagb-container__shape uagb-container__shape-top\"><svg xmlns=\"https:\/\/www.w3.org\/2000\/svg\" viewBox=\"0 0 1000 100\" preserveAspectRatio=\"none\"><path class=\"uagb-container__shape-fill\" d=\"M0,6V0h1000v100L0,6z\"><\/path><\/svg><\/div>\n<h2 class=\"wp-block-heading has-text-align-center has-medium-font-size\">Tienda en L\u00ednea<\/h2>\n\n\n\n<p class=\"has-text-align-center has-luminous-vivid-amber-to-luminous-vivid-orange-gradient-background has-background has-medium-font-size\"><strong>Desde US $450<\/strong><\/p>\n\n\n\n<ul class=\"wp-block-list\">\n<li>Hosting por un a\u00f1o<\/li>\n\n\n\n<li>Dominio por un a\u00f1o<\/li>\n\n\n\n<li>Correo<\/li>\n\n\n\n<li>Autoadministrable<\/li>\n\n\n\n<li>Enlace a redes sociales<\/li>\n\n\n\n<li>Bot\u00f3n de Whatsapp<\/li>\n\n\n\n<li>P\u00e1gina de Inicio<\/li>\n\n\n\n<li>P\u00e1gina de Cat\u00e1logo<\/li>\n\n\n\n<li>Pagina de Nosotros<\/li>\n\n\n\n<li>Pagina de Contacto<\/li>\n\n\n\n<li>Carrito de compras<\/li>\n<\/ul>\n<\/div>\n<\/div>\n<\/div><\/div>\n\n\n\n<div class=\"wp-block-uagb-container uagb-block-4c8c5d96 alignfull uagb-is-root-container\"><div class=\"uagb-container-inner-blocks-wrap\">\n<div class=\"wp-block-uagb-advanced-heading uagb-block-2ea08763\"><h2 class=\"uagb-heading-text\">Nuestros Clientes\u200b<\/h2><p class=\"uagb-desc-text\">Con orgullo presentamos a nuestros clientes, cuyas visiones hemos convertido en experiencias digitales excepcionales. <\/p><\/div>\n<\/div><\/div>\n\n\n\n<div class=\"wp-block-uagb-container uagb-block-0c228191 alignfull uagb-is-root-container\"><div class=\"uagb-container-inner-blocks-wrap\">\n<div class=\"wp-block-uagb-container uagb-block-034ea77f\">\n<div class=\"wp-block-uagb-image aligncenter uagb-block-82e5896c wp-block-uagb-image--layout-default wp-block-uagb-image--effect-static wp-block-uagb-image--align-center\"><figure class=\"wp-block-uagb-image__figure\"><img decoding=\"async\" srcset=\"https:\/\/dydweb.online\/wp-content\/uploads\/2021\/03\/logo-5.svg , https:\/\/dydweb.online\/wp-content\/uploads\/2021\/03\/logo-5.svg 360w\" sizes=\"auto, (max-width: 480px) 150px\" src=\"https:\/\/dydweb.online\/wp-content\/uploads\/2021\/03\/logo-5.svg\" alt=\"\" class=\"uag-image-1463\" width=\"160\" height=\"160\" title=\"\" loading=\"lazy\"\/><\/figure><\/div>\n<\/div>\n\n\n\n<div class=\"wp-block-uagb-container uagb-block-a6ca00da\">\n<div class=\"wp-block-uagb-image aligncenter uagb-block-c251e729 wp-block-uagb-image--layout-default wp-block-uagb-image--effect-static wp-block-uagb-image--align-center\"><figure class=\"wp-block-uagb-image__figure\"><img decoding=\"async\" srcset=\"https:\/\/dydweb.online\/wp-content\/uploads\/2021\/03\/logo-3.svg , https:\/\/dydweb.online\/wp-content\/uploads\/2021\/03\/logo-3.svg 360w\" sizes=\"auto, (max-width: 480px) 150px\" src=\"https:\/\/dydweb.online\/wp-content\/uploads\/2021\/03\/logo-3.svg\" alt=\"\" class=\"uag-image-1461\" width=\"160\" height=\"160\" title=\"\" loading=\"lazy\"\/><\/figure><\/div>\n<\/div>\n\n\n\n<div class=\"wp-block-uagb-container uagb-block-4587cb35\">\n<div class=\"wp-block-uagb-image aligncenter uagb-block-f0d95874 wp-block-uagb-image--layout-default wp-block-uagb-image--effect-static wp-block-uagb-image--align-center\"><figure class=\"wp-block-uagb-image__figure\"><img decoding=\"async\" srcset=\"https:\/\/dydweb.online\/wp-content\/uploads\/2021\/03\/logo-4.svg , https:\/\/dydweb.online\/wp-content\/uploads\/2021\/03\/logo-4.svg 360w\" sizes=\"auto, (max-width: 480px) 150px\" src=\"https:\/\/dydweb.online\/wp-content\/uploads\/2021\/03\/logo-4.svg\" alt=\"\" class=\"uag-image-1462\" width=\"160\" height=\"160\" title=\"\" loading=\"lazy\"\/><\/figure><\/div>\n<\/div>\n\n\n\n<div class=\"wp-block-uagb-container uagb-block-2e408ff7\">\n<div class=\"wp-block-uagb-image aligncenter uagb-block-8449d117 wp-block-uagb-image--layout-default wp-block-uagb-image--effect-static wp-block-uagb-image--align-center\"><figure class=\"wp-block-uagb-image__figure\"><img decoding=\"async\" srcset=\"https:\/\/dydweb.online\/wp-content\/uploads\/2021\/03\/logo-2.svg , https:\/\/dydweb.online\/wp-content\/uploads\/2021\/03\/logo-2.svg 360w\" sizes=\"auto, (max-width: 480px) 150px\" src=\"https:\/\/dydweb.online\/wp-content\/uploads\/2021\/03\/logo-2.svg\" alt=\"\" class=\"uag-image-1460\" width=\"160\" height=\"160\" title=\"\" loading=\"lazy\"\/><\/figure><\/div>\n<\/div>\n<\/div><\/div>\n\n\n\n<div class=\"wp-block-uagb-container uagb-block-38e74e87 alignfull uagb-is-root-container\"><div class=\"uagb-container-inner-blocks-wrap\">\n<div class=\"wp-block-uagb-advanced-heading uagb-block-dfae4bf6\"><h3 class=\"uagb-heading-text\">\u201cIncre\u00edbles Dise\u00f1os y Calidad de Trabajo!\u201d\u200b<\/h3><p class=\"uagb-desc-text\">Excelentes trabajos y cumplimiento<\/p><\/div>\n\n\n\n<div class=\"wp-block-uagb-info-box uagb-block-77877020 uagb-infobox__content-wrap  uagb-infobox-icon-above-title uagb-infobox-image-valign-top\"><div class=\"uagb-ifb-content\"><div class=\"uagb-ifb-image-content\"><img decoding=\"async\" src=\"https:\/\/dydweb.online\/wp-content\/uploads\/2023\/11\/rating-review-five-star-rating-6930474-300x150.png\" alt=\"rating, review, five-star rating-6930474.jpg\" width=\"60\" height=\"30\" loading=\"lazy\"\/><\/div><div class=\"uagb-ifb-title-wrap\"><h3 class=\"uagb-ifb-title\">Mario Moreno<\/h3><\/div><p class=\"uagb-ifb-desc\">CEO, M&amp;M.\u200b<\/p><\/div><\/div>\n<\/div><\/div>\n\n\n\n<div class=\"wp-block-uagb-container uagb-block-13f5591c alignfull uagb-is-root-container\"><div class=\"uagb-container-inner-blocks-wrap\">\n<div class=\"wp-block-uagb-container uagb-block-dea1c38a\">\n<div class=\"wp-block-uagb-container uagb-block-e63ed10b\">\n<div class=\"wp-block-uagb-advanced-heading uagb-block-4dec9dd2\"><h3 class=\"uagb-heading-text\">\u00bfQuieres iniciar un proyecto con nosotros?\u200b\u200b<\/h3><p class=\"uagb-desc-text\">Ll\u00e1manos para poder empezar a trabajar en t\u00fa proyecto.<\/p><\/div>\n<\/div>\n\n\n\n<div class=\"wp-block-uagb-container uagb-block-70ee6c1b\">\n<div class=\"wp-block-uagb-buttons uagb-buttons__outer-wrap uagb-btn__default-btn uagb-btn-tablet__default-btn uagb-btn-mobile__default-btn uagb-block-1f71f8a9\"><div class=\"uagb-buttons__wrap uagb-buttons-layout-wrap\">\n<div class=\"wp-block-uagb-buttons-child uagb-buttons__outer-wrap uagb-block-3f6d5707 wp-block-button\"><div class=\"uagb-button__wrapper\"><a class=\"uagb-buttons-repeater wp-block-button__link\" href=\"#\" onclick=\"return false;\" rel=\"follow noopener\" target=\"_self\"><div class=\"uagb-button__link\">+593 93-952-5242<\/div><\/a><\/div><\/div>\n<\/div><\/div>\n<\/div>\n<\/div>\n<\/div><\/div>\n","protected":false},"excerpt":{"rendered":"<p>Como podemos Ayudarte?\u200b \u00bfTienes una visi\u00f3n \u00fanica? Estamos aqu\u00ed para convertirla en una realidad digital impresionante. A continuaci\u00f3n una lista de nuestros Productos y Servicios Pagina Web B\u00e1sica o Desde US $100 Sitio Web Desde US $ 250 Catalogo de Productos Desde US $ 350 Tienda en L\u00ednea Desde US $450 Nuestros Clientes\u200b Con orgullo [&hellip;]<\/p>\n","protected":false},"author":1,"featured_media":0,"parent":0,"menu_order":3,"comment_status":"closed","ping_status":"closed","template":"","meta":{"_uag_custom_page_level_css":"","site-sidebar-layout":"no-sidebar","site-content-layout":"page-builder","ast-site-content-layout":"full-width-container","site-content-style":"unboxed","site-sidebar-style":"unboxed","ast-global-header-display":"","ast-banner-title-visibility":"","ast-main-header-display":"","ast-hfb-above-header-display":"","ast-hfb-below-header-display":"","ast-hfb-mobile-header-display":"","site-post-title":"disabled","ast-breadcrumbs-content":"","ast-featured-img":"disabled","footer-sml-layout":"","theme-transparent-header-meta":"enabled","adv-header-id-meta":"","stick-header-meta":"","header-above-stick-meta":"","header-main-stick-meta":"","header-below-stick-meta":"","astra-migrate-meta-layouts":"set","ast-page-background-enabled":"default","ast-page-background-meta":{"desktop":{"background-color":"var(--ast-global-color-4)","background-image":"","background-repeat":"repeat","background-position":"center center","background-size":"auto","background-attachment":"scroll","background-type":"","background-media":"","overlay-type":"","overlay-color":"","overlay-opacity":"","overlay-gradient":""},"tablet":{"background-color":"","background-image":"","background-repeat":"repeat","background-position":"center center","background-size":"auto","background-attachment":"scroll","background-type":"","background-media":"","overlay-type":"","overlay-color":"","overlay-opacity":"","overlay-gradient":""},"mobile":{"background-color":"","background-image":"","background-repeat":"repeat","background-position":"center center","background-size":"auto","background-attachment":"scroll","background-type":"","background-media":"","overlay-type":"","overlay-color":"","overlay-opacity":"","overlay-gradient":""}},"ast-content-background-meta":{"desktop":{"background-color":"var(--ast-global-color-5)","background-image":"","background-repeat":"repeat","background-position":"center center","background-size":"auto","background-attachment":"scroll","background-type":"","background-media":"","overlay-type":"","overlay-color":"","overlay-opacity":"","overlay-gradient":""},"tablet":{"background-color":"var(--ast-global-color-5)","background-image":"","background-repeat":"repeat","background-position":"center center","background-size":"auto","background-attachment":"scroll","background-type":"","background-media":"","overlay-type":"","overlay-color":"","overlay-opacity":"","overlay-gradient":""},"mobile":{"background-color":"var(--ast-global-color-5)","background-image":"","background-repeat":"repeat","background-position":"center center","background-size":"auto","background-attachment":"scroll","background-type":"","background-media":"","overlay-type":"","overlay-color":"","overlay-opacity":"","overlay-gradient":""}},"footnotes":""},"class_list":["post-1492","page","type-page","status-publish","hentry"],"uagb_featured_image_src":{"full":false,"thumbnail":false,"medium":false,"medium_large":false,"large":false,"1536x1536":false,"2048x2048":false},"uagb_author_info":{"display_name":"dydweb.online","author_link":"https:\/\/dydweb.online\/?author=1"},"uagb_comment_info":0,"uagb_excerpt":"Como podemos Ayudarte?\u200b \u00bfTienes una visi\u00f3n \u00fanica? Estamos aqu\u00ed para convertirla en una realidad digital impresionante. A continuaci\u00f3n una lista de nuestros Productos y Servicios Pagina Web B\u00e1sica o Desde US $100 Sitio Web Desde US $ 250 Catalogo de Productos Desde US $ 350 Tienda en L\u00ednea Desde US $450 Nuestros Clientes\u200b Con orgullo&hellip;","_links":{"self":[{"href":"https:\/\/dydweb.online\/index.php?rest_route=\/wp\/v2\/pages\/1492","targetHints":{"allow":["GET"]}}],"collection":[{"href":"https:\/\/dydweb.online\/index.php?rest_route=\/wp\/v2\/pages"}],"about":[{"href":"https:\/\/dydweb.online\/index.php?rest_route=\/wp\/v2\/types\/page"}],"author":[{"embeddable":true,"href":"https:\/\/dydweb.online\/index.php?rest_route=\/wp\/v2\/users\/1"}],"replies":[{"embeddable":true,"href":"https:\/\/dydweb.online\/index.php?rest_route=%2Fwp%2Fv2%2Fcomments&post=1492"}],"version-history":[{"count":24,"href":"https:\/\/dydweb.online\/index.php?rest_route=\/wp\/v2\/pages\/1492\/revisions"}],"predecessor-version":[{"id":2593,"href":"https:\/\/dydweb.online\/index.php?rest_route=\/wp\/v2\/pages\/1492\/revisions\/2593"}],"wp:attachment":[{"href":"https:\/\/dydweb.online\/index.php?rest_route=%2Fwp%2Fv2%2Fmedia&parent=1492"}],"curies":[{"name":"wp","href":"https:\/\/api.w.org\/{rel}","templated":true}]}}